{"id":3807,"date":"2024-07-31T00:31:05","date_gmt":"2024-07-30T22:31:05","guid":{"rendered":"https:\/\/kimptonbembudapest.com\/fruehstueck\/"},"modified":"2024-12-18T13:55:30","modified_gmt":"2024-12-18T12:55:30","slug":"fruehstueck","status":"publish","type":"page","link":"https:\/\/dev.kimptonbembudapest.com\/de\/fruehstueck\/","title":{"rendered":"Fr\u00fchst\u00fcck"},"content":{"rendered":"<div id='av_section_1'  class='avia-section av-58vt0j-fa07433d7699cdd98ecb5d0a865abd8e main_color avia-section-default avia-no-border-styling  avia-builder-el-0  avia-builder-el-no-sibling  avia-bg-style-scroll container_wrap fullsize'  ><div class='container av-section-cont-open' ><main  role=\"main\" itemprop=\"mainContentOfPage\"  class='template-page content  av-content-full alpha units'><div class='post-entry post-entry-type-page post-entry-3807'><div class='entry-content-wrapper clearfix'>\n<div  class='flex_column av-48j2tf-6655bd791ffa097499abdfcf75144233 av_one_full  avia-builder-el-1  el_before_av_one_half  avia-builder-el-first  first flex_column_div  '     ><style type=\"text\/css\" data-created_by=\"avia_inline_auto\" id=\"style-css-av-lz8z78ph-bc00be5ee9ff2b58332dcc32c87a43cd\">\n#top .av-special-heading.av-lz8z78ph-bc00be5ee9ff2b58332dcc32c87a43cd{\npadding-bottom:10px;\n}\nbody .av-special-heading.av-lz8z78ph-bc00be5ee9ff2b58332dcc32c87a43cd .av-special-heading-tag .heading-char{\nfont-size:25px;\n}\n.av-special-heading.av-lz8z78ph-bc00be5ee9ff2b58332dcc32c87a43cd .av-subheading{\nfont-size:15px;\n}\n<\/style>\n<div  class='av-special-heading av-lz8z78ph-bc00be5ee9ff2b58332dcc32c87a43cd av-special-heading-h1  avia-builder-el-2  avia-builder-el-no-sibling '><h1 class='av-special-heading-tag'  itemprop=\"headline\"  >Fr\u00fchst\u00fcck im Kimpton BEM Budapest<\/h1><div class=\"special-heading-border\"><div class=\"special-heading-inner-border\"><\/div><\/div><\/div><\/div><div  class='flex_column av-eudgj-886d331bbf62e262be398cd320f82105 av_one_half  avia-builder-el-3  el_after_av_one_full  el_before_av_one_half  first flex_column_div  column-top-margin'     ><section  class='av_textblock_section av-lz8zm8be-b395953376e168abdde9c48ee70f5936 '   itemscope=\"itemscope\" itemtype=\"https:\/\/schema.org\/CreativeWork\" ><div class='avia_textblock'  itemprop=\"text\" ><h2>Ein reichhaltiger Start in den Tag<\/h2>\n<p>Beginnen Sie Ihren Tag mit unserer exquisiten Auswahl an Fr\u00fchst\u00fccksgerichten, die sowohl s\u00fc\u00dfe als auch herzhafte Gel\u00fcste stillen. Genie\u00dfen Sie unsere <strong>gebutterten Pfannkuchen<\/strong> mit gew\u00fcrztem Blaubeerkompott oder w\u00e4hlen Sie die klassischen <strong>Eier Benedict<\/strong> mit Mangalizaschinken, R\u00e4ucherlachs und frischem Spinat. F\u00fcr ein einzigartiges und unvergessliches Erlebnis probieren Sie das<strong> Lieblingsgericht von Marcel Wanders<\/strong> \u2013 ein herzhaftes Gericht, das Sie in die Heimat unseres ber\u00fchmten Luxus-Innenarchitekten versetzt.<\/p>\n<p>Das Fr\u00fchst\u00fcck wird t\u00e4glich von <strong>7:00 Uhr<\/strong> bis <strong>11:00 Uhr<\/strong> serviert.<\/p>\n<p>G\u00e4ste, die zu uns kommen, k\u00f6nnen sich am Buffet bedienen oder aus unserem Men\u00fc w\u00e4hlen, das zu einem Preis von 35 \u20ac pro Person erh\u00e4ltlich ist.<\/p>\n<\/div><\/section><br \/>\n<div  class='avia-button-wrap av-6kg5f-1c05c6e0e6de2a7220a9d106c404bd01-wrap avia-button-left  avia-builder-el-5  el_after_av_textblock  avia-builder-el-last '>\n<style type=\"text\/css\" data-created_by=\"avia_inline_auto\" id=\"style-css-av-6kg5f-1c05c6e0e6de2a7220a9d106c404bd01\">\n#top #wrap_all .avia-button.av-6kg5f-1c05c6e0e6de2a7220a9d106c404bd01{\nbackground-color:#8d9b82;\nborder-color:#8d9b82;\ntransition:all 0.4s ease-in-out;\n}\n#top #wrap_all .avia-button.av-6kg5f-1c05c6e0e6de2a7220a9d106c404bd01:hover{\ncolor:white;\ntransition:all 0.4s ease-in-out;\n}\n<\/style>\n<a href='https:\/\/www.sevenrooms.com\/reservations\/agos\/offers-dir' class='avia-button av-6kg5f-1c05c6e0e6de2a7220a9d106c404bd01 av-link-btn avia-icon_select-no avia-size-large avia-position-left avia-font-color-theme-color' target=\"_blank\" rel=\"noopener noreferrer\"><span class='avia_iconbox_title' >JETZT BUCHEN<\/span><span class='avia_button_background avia-button avia-color-theme-color-highlight' ><\/span><\/a><\/div><\/p><\/div><div  class='flex_column av-30nfj7-8aa3c91456586320219814063bef3a53 av_one_half  avia-builder-el-6  el_after_av_one_half  avia-builder-el-last  flex_column_div  column-top-margin'     ><style type=\"text\/css\" data-created_by=\"avia_inline_auto\" id=\"style-css-av-lz8zbz11-acbd56178324dd68a2ff7412f6c8f315\">\n.avia-image-container.av-lz8zbz11-acbd56178324dd68a2ff7412f6c8f315 img.avia_image{\nbox-shadow:none;\n}\n.avia-image-container.av-lz8zbz11-acbd56178324dd68a2ff7412f6c8f315 .av-image-caption-overlay-center{\ncolor:#ffffff;\n}\n<\/style>\n<div  class='avia-image-container av-lz8zbz11-acbd56178324dd68a2ff7412f6c8f315 av-styling- avia-align-center  avia-builder-el-7  avia-builder-el-no-sibling '   itemprop=\"image\" itemscope=\"itemscope\" itemtype=\"https:\/\/schema.org\/ImageObject\" ><div class=\"avia-image-container-inner\"><div class=\"avia-image-overlay-wrap\"><img decoding=\"async\" fetchpriority=\"high\" class='wp-image-3808 avia-img-lazy-loading-not-3808 avia_image ' src=\"https:\/\/dev.kimptonbembudapest.com\/wp-content\/uploads\/2024\/07\/240611_KIMPTON_BEM__2257-1-1030x687.jpg\" alt='' title='Breakfast at Kimpton BEM'  height=\"687\" width=\"1030\"  itemprop=\"thumbnailUrl\" srcset=\"https:\/\/dev.kimptonbembudapest.com\/wp-content\/uploads\/2024\/07\/240611_KIMPTON_BEM__2257-1-1030x687.jpg 1030w, https:\/\/dev.kimptonbembudapest.com\/wp-content\/uploads\/2024\/07\/240611_KIMPTON_BEM__2257-1-300x200.jpg 300w, https:\/\/dev.kimptonbembudapest.com\/wp-content\/uploads\/2024\/07\/240611_KIMPTON_BEM__2257-1-768x512.jpg 768w, https:\/\/dev.kimptonbembudapest.com\/wp-content\/uploads\/2024\/07\/240611_KIMPTON_BEM__2257-1-1536x1024.jpg 1536w, https:\/\/dev.kimptonbembudapest.com\/wp-content\/uploads\/2024\/07\/240611_KIMPTON_BEM__2257-1-2048x1366.jpg 2048w, https:\/\/dev.kimptonbembudapest.com\/wp-content\/uploads\/2024\/07\/240611_KIMPTON_BEM__2257-1-1500x1000.jpg 1500w, https:\/\/dev.kimptonbembudapest.com\/wp-content\/uploads\/2024\/07\/240611_KIMPTON_BEM__2257-1-705x470.jpg 705w\" sizes=\"(max-width: 1030px) 100vw, 1030px\" \/><\/div><\/div><\/div><\/div>\n","protected":false},"excerpt":{"rendered":"","protected":false},"author":4,"featured_media":0,"parent":0,"menu_order":0,"comment_status":"closed","ping_status":"closed","template":"","meta":{"inline_featured_image":false,"footnotes":""},"class_list":["post-3807","page","type-page","status-publish","hentry"],"yoast_head":"<!-- This site is optimized with the Yoast SEO plugin v26.6 - https:\/\/yoast.com\/wordpress\/plugins\/seo\/ -->\n<title>Fr\u00fchst\u00fcck - Kimpton BEM Budapest<\/title>\n<meta name=\"robots\" content=\"index, follow, max-snippet:-1, max-image-preview:large, max-video-preview:-1\" \/>\n<link rel=\"canonical\" href=\"https:\/\/dev.kimptonbembudapest.com\/de\/fruehstueck\/\" \/>\n<meta property=\"og:locale\" content=\"de_DE\" \/>\n<meta property=\"og:type\" content=\"article\" \/>\n<meta property=\"og:title\" content=\"Fr\u00fchst\u00fcck - Kimpton BEM Budapest\" \/>\n<meta property=\"og:url\" content=\"https:\/\/dev.kimptonbembudapest.com\/de\/fruehstueck\/\" \/>\n<meta property=\"og:site_name\" content=\"Kimpton BEM Budapest\" \/>\n<meta property=\"article:modified_time\" content=\"2024-12-18T12:55:30+00:00\" \/>\n<meta name=\"twitter:card\" content=\"summary_large_image\" \/>\n<meta name=\"twitter:label1\" content=\"Gesch\u00e4tzte Lesezeit\" \/>\n\t<meta name=\"twitter:data1\" content=\"1\u00a0Minute\" \/>\n<!-- \/ Yoast SEO plugin. -->","yoast_head_json":{"title":"Fr\u00fchst\u00fcck - Kimpton BEM Budapest","robots":{"index":"index","follow":"follow","max-snippet":"max-snippet:-1","max-image-preview":"max-image-preview:large","max-video-preview":"max-video-preview:-1"},"canonical":"https:\/\/dev.kimptonbembudapest.com\/de\/fruehstueck\/","og_locale":"de_DE","og_type":"article","og_title":"Fr\u00fchst\u00fcck - Kimpton BEM Budapest","og_url":"https:\/\/dev.kimptonbembudapest.com\/de\/fruehstueck\/","og_site_name":"Kimpton BEM Budapest","article_modified_time":"2024-12-18T12:55:30+00:00","twitter_card":"summary_large_image","twitter_misc":{"Gesch\u00e4tzte Lesezeit":"1\u00a0Minute"},"schema":{"@context":"https:\/\/schema.org","@graph":[{"@type":"WebPage","@id":"https:\/\/dev.kimptonbembudapest.com\/de\/fruehstueck\/","url":"https:\/\/dev.kimptonbembudapest.com\/de\/fruehstueck\/","name":"Fr\u00fchst\u00fcck - Kimpton BEM Budapest","isPartOf":{"@id":"https:\/\/dev.kimptonbembudapest.com\/de\/#website"},"datePublished":"2024-07-30T22:31:05+00:00","dateModified":"2024-12-18T12:55:30+00:00","breadcrumb":{"@id":"https:\/\/dev.kimptonbembudapest.com\/de\/fruehstueck\/#breadcrumb"},"inLanguage":"de","potentialAction":[{"@type":"ReadAction","target":["https:\/\/dev.kimptonbembudapest.com\/de\/fruehstueck\/"]}]},{"@type":"BreadcrumbList","@id":"https:\/\/dev.kimptonbembudapest.com\/de\/fruehstueck\/#breadcrumb","itemListElement":[{"@type":"ListItem","position":1,"name":"Kezd\u0151lap","item":"https:\/\/dev.kimptonbembudapest.com\/de\/"},{"@type":"ListItem","position":2,"name":"Fr\u00fchst\u00fcck"}]},{"@type":"WebSite","@id":"https:\/\/dev.kimptonbembudapest.com\/de\/#website","url":"https:\/\/dev.kimptonbembudapest.com\/de\/","name":"Kimpton BEM Budapest","description":"Budapest Luxury Hotel","potentialAction":[{"@type":"SearchAction","target":{"@type":"EntryPoint","urlTemplate":"https:\/\/dev.kimptonbembudapest.com\/de\/?s={search_term_string}"},"query-input":{"@type":"PropertyValueSpecification","valueRequired":true,"valueName":"search_term_string"}}],"inLanguage":"de"}]}},"_links":{"self":[{"href":"https:\/\/dev.kimptonbembudapest.com\/de\/wp-json\/wp\/v2\/pages\/3807","targetHints":{"allow":["GET"]}}],"collection":[{"href":"https:\/\/dev.kimptonbembudapest.com\/de\/wp-json\/wp\/v2\/pages"}],"about":[{"href":"https:\/\/dev.kimptonbembudapest.com\/de\/wp-json\/wp\/v2\/types\/page"}],"author":[{"embeddable":true,"href":"https:\/\/dev.kimptonbembudapest.com\/de\/wp-json\/wp\/v2\/users\/4"}],"replies":[{"embeddable":true,"href":"https:\/\/dev.kimptonbembudapest.com\/de\/wp-json\/wp\/v2\/comments?post=3807"}],"version-history":[{"count":13,"href":"https:\/\/dev.kimptonbembudapest.com\/de\/wp-json\/wp\/v2\/pages\/3807\/revisions"}],"predecessor-version":[{"id":8557,"href":"https:\/\/dev.kimptonbembudapest.com\/de\/wp-json\/wp\/v2\/pages\/3807\/revisions\/8557"}],"wp:attachment":[{"href":"https:\/\/dev.kimptonbembudapest.com\/de\/wp-json\/wp\/v2\/media?parent=3807"}],"curies":[{"name":"wp","href":"https:\/\/api.w.org\/{rel}","templated":true}]}}