{"id":4184,"date":"2024-07-02T10:28:54","date_gmt":"2024-07-02T08:28:54","guid":{"rendered":"https:\/\/kimptonbembudapest.com\/tuerkische-baeder\/"},"modified":"2024-12-19T08:10:39","modified_gmt":"2024-12-19T07:10:39","slug":"tuerkische-baeder","status":"publish","type":"page","link":"https:\/\/dev.kimptonbembudapest.com\/de\/tuerkische-baeder\/","title":{"rendered":"T\u00fcrkische B\u00e4der"},"content":{"rendered":"<div id='av_section_1'  class='avia-section av-1kimed-dbe1975678596b840dae3382639b58f1 main_color avia-section-default avia-no-border-styling  avia-builder-el-0  avia-builder-el-no-sibling  avia-bg-style-scroll container_wrap fullsize'  ><div class='container av-section-cont-open' ><main  role=\"main\" itemprop=\"mainContentOfPage\"  class='template-page content  av-content-full alpha units'><div class='post-entry post-entry-type-page post-entry-4184'><div class='entry-content-wrapper clearfix'>\n<div  class='flex_column av-6lds5-369c0a44afe22023c3f7a582658a04c7 av_one_full  avia-builder-el-1  el_before_av_one_full  avia-builder-el-first  first flex_column_div  '     ><style type=\"text\/css\" data-created_by=\"avia_inline_auto\" id=\"style-css-av-lyftdf0q-f5657ab98dcc1b6c8ccf7901170c55a1\">\n#top .av-special-heading.av-lyftdf0q-f5657ab98dcc1b6c8ccf7901170c55a1{\npadding-bottom:10px;\n}\nbody .av-special-heading.av-lyftdf0q-f5657ab98dcc1b6c8ccf7901170c55a1 .av-special-heading-tag .heading-char{\nfont-size:25px;\n}\n.av-special-heading.av-lyftdf0q-f5657ab98dcc1b6c8ccf7901170c55a1 .av-subheading{\nfont-size:15px;\n}\n<\/style>\n<div  class='av-special-heading av-lyftdf0q-f5657ab98dcc1b6c8ccf7901170c55a1 av-special-heading-h1  avia-builder-el-2  avia-builder-el-no-sibling '><h1 class='av-special-heading-tag'  itemprop=\"headline\"  >T\u00fcrkische B\u00e4der Budapest<\/h1><div class=\"special-heading-border\"><div class=\"special-heading-inner-border\"><\/div><\/div><\/div><\/div><div  class='flex_column av-1cjr8l-4efbdb97ef1ebddba70adc839fa75427 av_one_full  avia-builder-el-3  el_after_av_one_full  el_before_av_one_full  first flex_column_div  column-top-margin'     ><section  class='av_textblock_section av-lyfte45k-bb264dad4a7bfc02f4bfe38af1db37ad '   itemscope=\"itemscope\" itemtype=\"https:\/\/schema.org\/CreativeWork\" ><div class='avia_textblock'  itemprop=\"text\" ><p>Ungarn ist bekannt f\u00fcr seinen Reichtum an Thermalquellen. Es versteht sich von selbst, dass ein Besuch der Stadt unvollst\u00e4ndig w\u00e4re, ohne ein Bad in einem der beliebtesten B\u00e4der zu nehmen \u2013 ein Ort, an dem Entspannung, Heilung und Geschichte zusammenkommen. Die t\u00fcrkischen B\u00e4der, auch Hammams genannt, sind lebendige Beispiele f\u00fcr das reiche kulturelle Erbe Ungarns: Sie wurden im 16. und 17. Jahrhundert w\u00e4hrend der osmanischen \u00c4ra erbaut und dienten als wichtige soziale Zentren, die von den Einheimischen besucht wurden, um Kontakte zu kn\u00fcpfen, Geschichten auszutauschen und sich zweifellos zu entspannen, w\u00e4hrend sie ihre Lebensgeister wiederbelebten. Wenn Sie ein ungarisches t\u00fcrkisches Bad mit seiner atemberaubenden Architektur betreten, werden Sie in diese Zeit zur\u00fcckversetzt. Das mineralhaltige Wasser, das f\u00fcr seine heilende Wirkung bekannt ist, und die Mosaike schaffen eine friedliche Atmosph\u00e4re, in der Sie Ihren K\u00f6rper und Geist reinigen und die Sorgen von gestern loslassen k\u00f6nnen. Unter den majest\u00e4tischen Kuppeln, w\u00e4hrend das Licht auf dem Marmor spielt, erleben Sie eine einzigartige Mischung aus Geschichte und Entspannung, die sowohl beruhigend als auch bereichernd ist.<\/p>\n<\/div><\/section><\/div><div  class='flex_column av-kob0d-5f088d5f3a6c10b6a63104d5ff648b8e av_one_full  avia-builder-el-5  el_after_av_one_full  el_before_av_one_full  first flex_column_div  column-top-margin'     ><section  class='av_textblock_section av-lyfteo7y-1ed0f1f3789bcae2fc0ff34fd7b56cad '   itemscope=\"itemscope\" itemtype=\"https:\/\/schema.org\/CreativeWork\" ><div class='avia_textblock'  itemprop=\"text\" ><h2>Das Veli Bej Bad<\/h2>\n<div>\n<div>Das Veli Bej Bad ist ein verstecktes Juwel in Budapest und eines der \u00e4ltesten t\u00fcrkischen B\u00e4der der Stadt. Es wurde 1574\u201375 von Mustafa Pascha erbaut und im 19. Jahrhundert von J\u00f3zsef Hild im klassizistischen Stil erweitert. Seine Geschichte ist faszinierend: Istv\u00e1n Marczib\u00e1nyi spendete es dem Kloster, um Einnahmen f\u00fcr die Unterst\u00fctzung armer Patienten zu nutzen. In den 2000er-Jahren wurde das Bad f\u00fcr 1 Milliarde Forint aufwendig restauriert und erstrahlt wieder in altem Glanz. Von seinen f\u00fcnf Becken ist das zentrale t\u00fcrkische Becken das Highlight, dessen Thermalwasser viermal t\u00e4glich erneuert wird. Das Bad vereint historischen Charme mit modernem Komfort. Es ist gemischt, Badebekleidung ist Pflicht, und die Eintrittskarte umfasst Becken, Sauna und Dampfbad. Ein perfekter Ort, um zu entspannen und in die Geschichte einzutauchen!<\/div>\n<\/div>\n<\/div><\/section><\/div><div  class='flex_column av-hm2n9-b787eb25f519fd4b11c1f1230aee3253 av_one_full  avia-builder-el-7  el_after_av_one_full  avia-builder-el-last  first flex_column_div  column-top-margin'     ><section  class='av_textblock_section av-lyftf3uf-df66ea334b128027358c44582898b3da '   itemscope=\"itemscope\" itemtype=\"https:\/\/schema.org\/CreativeWork\" ><div class='avia_textblock'  itemprop=\"text\" ><h2>Rudas<\/h2>\n<p>Das Rudas-Bad mit Blick auf die Donau ist ein Zeugnis der reichen Geschichte Budapests, kombiniert mit einem Hauch von Luxus. Mit der M\u00f6glichkeit, auf der Himmelsterrasse, von der aus sich die atemberaubende Stadt entfaltet, in das Thermalwasser einzutauchen, ist es der perfekte Ort, um nach einem anstrengenden Tag, an dem Sie die Sehensw\u00fcrdigkeiten Budapests besichtigt haben, die Seele baumeln zu lassen und zu entspannen \u2013 was Sie auch unter dem Nachthimmel mit einem romantischen Ausblick bis 3 Uhr morgens genie\u00dfen k\u00f6nnen. Das Rudas-Bad wurde vor \u00fcber 450 Jahren gegr\u00fcndet und besticht durch seine Renaissance-Architektur, die einen zeitlosen Zufluchtsort darstellt, an dem Sie endlich dem Alltag entfliehen und sich wie neu geboren f\u00fchlen k\u00f6nnen. Neben den Mineralquellen ist Rudas auch f\u00fcr seine Wellness-Angebote ber\u00fchmt, wie z. B. eine Vielzahl von Massagen, darunter auch therapeutische medizinische Massagen, die f\u00fcr das k\u00f6rperliche Wohlbefinden sorgen. Rudas zelebriert sowohl Tradition als auch Innovation und bietet sowohl gemischtgeschlechtliche als auch reine Frauentage an, um Ihnen ein auf Ihre Bed\u00fcrfnisse und Vorlieben abgestimmtes Spa-Erlebnis zu garantieren, das das Erbe und die Geschichte respektiert.<\/p>\n<\/div><\/section><\/div>\n","protected":false},"excerpt":{"rendered":"","protected":false},"author":4,"featured_media":0,"parent":0,"menu_order":0,"comment_status":"closed","ping_status":"closed","template":"","meta":{"inline_featured_image":false,"footnotes":""},"class_list":["post-4184","page","type-page","status-publish","hentry"],"yoast_head":"<!-- This site is optimized with the Yoast SEO plugin v26.6 - https:\/\/yoast.com\/wordpress\/plugins\/seo\/ -->\n<title>T\u00fcrkische B\u00e4der - Kimpton BEM Budapest - Sehensw\u00fcrdigkeiten<\/title>\n<meta name=\"description\" content=\"Erleben Sie Budapests beste t\u00fcrkische B\u00e4der: Entspannen Sie sich in den t\u00fcrkischen B\u00e4dern Kiraly oder Rudas. Genie\u00dfen Sie die historische Architektur und das heilende Bad. Budapests ber\u00fchmte Touristenattraktionen.\" \/>\n<meta name=\"robots\" content=\"index, follow, max-snippet:-1, max-image-preview:large, max-video-preview:-1\" \/>\n<link rel=\"canonical\" href=\"https:\/\/dev.kimptonbembudapest.com\/de\/tuerkische-baeder\/\" \/>\n<meta property=\"og:locale\" content=\"de_DE\" \/>\n<meta property=\"og:type\" content=\"article\" \/>\n<meta property=\"og:title\" content=\"T\u00fcrkische B\u00e4der - Kimpton BEM Budapest - Sehensw\u00fcrdigkeiten\" \/>\n<meta property=\"og:description\" content=\"Erleben Sie Budapests beste t\u00fcrkische B\u00e4der: Entspannen Sie sich in den t\u00fcrkischen B\u00e4dern Kiraly oder Rudas. Genie\u00dfen Sie die historische Architektur und das heilende Bad. Budapests ber\u00fchmte Touristenattraktionen.\" \/>\n<meta property=\"og:url\" content=\"https:\/\/dev.kimptonbembudapest.com\/de\/tuerkische-baeder\/\" \/>\n<meta property=\"og:site_name\" content=\"Kimpton BEM Budapest\" \/>\n<meta property=\"article:modified_time\" content=\"2024-12-19T07:10:39+00:00\" \/>\n<meta property=\"og:image\" content=\"https:\/\/kimptonbembudapest.com\/wp-content\/uploads\/2024\/07\/OG-1030x541.jpg\" \/>\n<meta name=\"twitter:card\" content=\"summary_large_image\" \/>\n<meta name=\"twitter:label1\" content=\"Gesch\u00e4tzte Lesezeit\" \/>\n\t<meta name=\"twitter:data1\" content=\"2\u00a0Minuten\" \/>\n<!-- \/ Yoast SEO plugin. -->","yoast_head_json":{"title":"T\u00fcrkische B\u00e4der - Kimpton BEM Budapest - Sehensw\u00fcrdigkeiten","description":"Erleben Sie Budapests beste t\u00fcrkische B\u00e4der: Entspannen Sie sich in den t\u00fcrkischen B\u00e4dern Kiraly oder Rudas. Genie\u00dfen Sie die historische Architektur und das heilende Bad. Budapests ber\u00fchmte Touristenattraktionen.","robots":{"index":"index","follow":"follow","max-snippet":"max-snippet:-1","max-image-preview":"max-image-preview:large","max-video-preview":"max-video-preview:-1"},"canonical":"https:\/\/dev.kimptonbembudapest.com\/de\/tuerkische-baeder\/","og_locale":"de_DE","og_type":"article","og_title":"T\u00fcrkische B\u00e4der - Kimpton BEM Budapest - Sehensw\u00fcrdigkeiten","og_description":"Erleben Sie Budapests beste t\u00fcrkische B\u00e4der: Entspannen Sie sich in den t\u00fcrkischen B\u00e4dern Kiraly oder Rudas. Genie\u00dfen Sie die historische Architektur und das heilende Bad. Budapests ber\u00fchmte Touristenattraktionen.","og_url":"https:\/\/dev.kimptonbembudapest.com\/de\/tuerkische-baeder\/","og_site_name":"Kimpton BEM Budapest","article_modified_time":"2024-12-19T07:10:39+00:00","og_image":[{"url":"https:\/\/kimptonbembudapest.com\/wp-content\/uploads\/2024\/07\/OG-1030x541.jpg","type":"","width":"","height":""}],"twitter_card":"summary_large_image","twitter_misc":{"Gesch\u00e4tzte Lesezeit":"2\u00a0Minuten"},"schema":{"@context":"https:\/\/schema.org","@graph":[{"@type":"WebPage","@id":"https:\/\/dev.kimptonbembudapest.com\/de\/tuerkische-baeder\/","url":"https:\/\/dev.kimptonbembudapest.com\/de\/tuerkische-baeder\/","name":"T\u00fcrkische B\u00e4der - Kimpton BEM Budapest - Sehensw\u00fcrdigkeiten","isPartOf":{"@id":"https:\/\/dev.kimptonbembudapest.com\/de\/#website"},"datePublished":"2024-07-02T08:28:54+00:00","dateModified":"2024-12-19T07:10:39+00:00","description":"Erleben Sie Budapests beste t\u00fcrkische B\u00e4der: Entspannen Sie sich in den t\u00fcrkischen B\u00e4dern Kiraly oder Rudas. Genie\u00dfen Sie die historische Architektur und das heilende Bad. Budapests ber\u00fchmte Touristenattraktionen.","breadcrumb":{"@id":"https:\/\/dev.kimptonbembudapest.com\/de\/tuerkische-baeder\/#breadcrumb"},"inLanguage":"de","potentialAction":[{"@type":"ReadAction","target":["https:\/\/dev.kimptonbembudapest.com\/de\/tuerkische-baeder\/"]}]},{"@type":"BreadcrumbList","@id":"https:\/\/dev.kimptonbembudapest.com\/de\/tuerkische-baeder\/#breadcrumb","itemListElement":[{"@type":"ListItem","position":1,"name":"Kezd\u0151lap","item":"https:\/\/dev.kimptonbembudapest.com\/de\/"},{"@type":"ListItem","position":2,"name":"T\u00fcrkische B\u00e4der"}]},{"@type":"WebSite","@id":"https:\/\/dev.kimptonbembudapest.com\/de\/#website","url":"https:\/\/dev.kimptonbembudapest.com\/de\/","name":"Kimpton BEM Budapest","description":"Budapest Luxury Hotel","potentialAction":[{"@type":"SearchAction","target":{"@type":"EntryPoint","urlTemplate":"https:\/\/dev.kimptonbembudapest.com\/de\/?s={search_term_string}"},"query-input":{"@type":"PropertyValueSpecification","valueRequired":true,"valueName":"search_term_string"}}],"inLanguage":"de"}]}},"_links":{"self":[{"href":"https:\/\/dev.kimptonbembudapest.com\/de\/wp-json\/wp\/v2\/pages\/4184","targetHints":{"allow":["GET"]}}],"collection":[{"href":"https:\/\/dev.kimptonbembudapest.com\/de\/wp-json\/wp\/v2\/pages"}],"about":[{"href":"https:\/\/dev.kimptonbembudapest.com\/de\/wp-json\/wp\/v2\/types\/page"}],"author":[{"embeddable":true,"href":"https:\/\/dev.kimptonbembudapest.com\/de\/wp-json\/wp\/v2\/users\/4"}],"replies":[{"embeddable":true,"href":"https:\/\/dev.kimptonbembudapest.com\/de\/wp-json\/wp\/v2\/comments?post=4184"}],"version-history":[{"count":13,"href":"https:\/\/dev.kimptonbembudapest.com\/de\/wp-json\/wp\/v2\/pages\/4184\/revisions"}],"predecessor-version":[{"id":8571,"href":"https:\/\/dev.kimptonbembudapest.com\/de\/wp-json\/wp\/v2\/pages\/4184\/revisions\/8571"}],"wp:attachment":[{"href":"https:\/\/dev.kimptonbembudapest.com\/de\/wp-json\/wp\/v2\/media?parent=4184"}],"curies":[{"name":"wp","href":"https:\/\/api.w.org\/{rel}","templated":true}]}}