{"id":4355,"date":"2024-05-29T09:09:56","date_gmt":"2024-05-29T07:09:56","guid":{"rendered":"https:\/\/kimptonbembudapest.com\/los-huespedes-de-cuatro-patas-son-bienvenidos\/"},"modified":"2024-08-30T20:19:16","modified_gmt":"2024-08-30T18:19:16","slug":"los-huespedes-de-cuatro-patas-son-bienvenidos","status":"publish","type":"page","link":"https:\/\/dev.kimptonbembudapest.com\/es\/los-huespedes-de-cuatro-patas-son-bienvenidos\/","title":{"rendered":"\u00a1Los hu\u00e9spedes de cuatro patas son bienvenidos!"},"content":{"rendered":"\n<style type=\"text\/css\" data-created_by=\"avia_inline_auto\" id=\"style-css-av-lwrhkv30-4fdab95675acf1c0701ca96545f9550a\">\n.avia-section.av-lwrhkv30-4fdab95675acf1c0701ca96545f9550a{\nbackground-repeat:no-repeat;\nbackground-image:url(https:\/\/dev.kimptonbembudapest.com\/wp-content\/uploads\/2024\/07\/kutyakim1.jpg);\nbackground-position:50% 50%;\nbackground-attachment:scroll;\n}\n<\/style>\n<div id='av_section_1'  class='avia-section av-lwrhkv30-4fdab95675acf1c0701ca96545f9550a main_color avia-section-default avia-no-border-styling  avia-builder-el-0  el_before_av_section  avia-builder-el-first  avia-full-stretch avia-bg-style-scroll av-minimum-height av-minimum-height-custom av-height-custom  container_wrap fullsize'  data-section-bg-repeat='stretch' data-av_minimum_height_px='350'><div class='container av-section-cont-open' style='height:350px'><main  role=\"main\" itemprop=\"mainContentOfPage\"  class='template-page content  av-content-full alpha units'><div class='post-entry post-entry-type-page post-entry-4355'><div class='entry-content-wrapper clearfix'>\n<div  class='flex_column av-qbij-363233ae1b6255ae49e1b878af18001e av_one_full  avia-builder-el-1  avia-builder-el-no-sibling  first flex_column_div  '     ><style type=\"text\/css\" data-created_by=\"avia_inline_auto\" id=\"style-css-av-lwrhjdpm-90648fb181bf08426668df4bd6995dc6\">\n#top .av-special-heading.av-lwrhjdpm-90648fb181bf08426668df4bd6995dc6{\npadding-bottom:10px;\ncolor:#ffffff;\n}\nbody .av-special-heading.av-lwrhjdpm-90648fb181bf08426668df4bd6995dc6 .av-special-heading-tag .heading-char{\nfont-size:25px;\n}\n.av-special-heading.av-lwrhjdpm-90648fb181bf08426668df4bd6995dc6 .special-heading-inner-border{\nborder-color:#ffffff;\n}\n.av-special-heading.av-lwrhjdpm-90648fb181bf08426668df4bd6995dc6 .av-subheading{\nfont-size:15px;\n}\n<\/style>\n<div  class='av-special-heading av-lwrhjdpm-90648fb181bf08426668df4bd6995dc6 av-special-heading-h1 custom-color-heading blockquote modern-quote  avia-builder-el-2  avia-builder-el-no-sibling '><h1 class='av-special-heading-tag'  itemprop=\"headline\"  >Hotel de Budapest apto para mascotas<\/h1><div class=\"special-heading-border\"><div class=\"special-heading-inner-border\"><\/div><\/div><\/div><\/div><\/div><\/div><\/main><!-- close content main element --><\/div><\/div><div id='av_section_2'  class='avia-section av-1e9mn-b3cc5d1348e97e308361f3862f20f580 main_color avia-section-default avia-no-border-styling  avia-builder-el-3  el_after_av_section  avia-builder-el-last  avia-bg-style-scroll container_wrap fullsize'  ><div class='container av-section-cont-open' ><div class='template-page content  av-content-full alpha units'><div class='post-entry post-entry-type-page post-entry-4355'><div class='entry-content-wrapper clearfix'>\n<div class='flex_column_table av-lwrhnocg-7470a6ebedbe3926a06014edc389cf1a sc-av_one_half av-equal-height-column-flextable'><div  class='flex_column av-lwrhnocg-7470a6ebedbe3926a06014edc389cf1a av_one_half  avia-builder-el-4  el_before_av_one_half  avia-builder-el-first  first flex_column_table_cell av-equal-height-column av-align-middle  '     ><section  class='av_textblock_section av-lwrhmnyt-bda0f272a5700e6fb8a8074602230ee2 '   itemscope=\"itemscope\" itemtype=\"https:\/\/schema.org\/CreativeWork\" ><div class='avia_textblock'  itemprop=\"text\" ><h2>\u00a1Los hu\u00e9spedes de cuatro patas son bienvenidos!<\/h2>\n<p>Le invitamos a disfrutar de su estancia en compa\u00f1\u00eda de su mascota con pelo, plumas o escamas, independientemente de su tama\u00f1o, peso o raza, sin costo adicional. Cualquier animal que quepa en el ascensor es bienvenido en nuestro hotel. Budapest es el destino perfecto para explorar con perros, con numerosos lugares cercanos donde podr\u00e1 disfrutar paseando junto con su fiel compa\u00f1ero.<\/p>\n<\/div><\/section><br \/>\n<div  class='avia-button-wrap av-122qn-5b0b2d995abd51aaae6c45de5f8ed6e0-wrap avia-button-left  avia-builder-el-6  el_after_av_textblock  avia-builder-el-last '><a href='https:\/\/www.ihg.com\/kimptonhotels\/hotels\/us\/en\/budapest\/budkm\/hoteldetail?fromRedirect=true&amp;qSrt=sBR&amp;qSlH=budkm&amp;setPMCookies=true&amp;qSHBrC=KI&amp;qDest=Bem%20J%C3%B3zsef%20t%C3%A9r%203.%2C%20Budapest%2C%20HU&amp;srb_u=1' class='avia-button av-122qn-5b0b2d995abd51aaae6c45de5f8ed6e0 av-link-btn avia-icon_select-no avia-size-large avia-position-left avia-color-theme-color' target=\"_blank\" rel=\"noopener noreferrer\"><span class='avia_iconbox_title' >RESERVE AHORA<\/span><\/a><\/div><\/p><\/div><div class='av-flex-placeholder'><\/div><div  class='flex_column av-yvb3-91276908a33e61708dedb38c8a27494d av_one_half  avia-builder-el-7  el_after_av_one_half  avia-builder-el-last  flex_column_table_cell av-equal-height-column av-align-middle  '     ><style type=\"text\/css\" data-created_by=\"avia_inline_auto\" id=\"style-css-av-lwrhnjx7-7b6ef8017e7cb1a95c23159b9fb65937\">\n.avia-image-container.av-lwrhnjx7-7b6ef8017e7cb1a95c23159b9fb65937 img.avia_image{\nbox-shadow:none;\n}\n.avia-image-container.av-lwrhnjx7-7b6ef8017e7cb1a95c23159b9fb65937 .av-image-caption-overlay-center{\ncolor:#ffffff;\n}\n<\/style>\n<div  class='avia-image-container av-lwrhnjx7-7b6ef8017e7cb1a95c23159b9fb65937 av-styling- avia-align-center  avia-builder-el-8  avia-builder-el-no-sibling '   itemprop=\"image\" itemscope=\"itemscope\" itemtype=\"https:\/\/schema.org\/ImageObject\" ><div class=\"avia-image-container-inner\"><div class=\"avia-image-overlay-wrap\"><img decoding=\"async\" fetchpriority=\"high\" class='wp-image-2140 avia-img-lazy-loading-not-2140 avia_image ' src=\"https:\/\/dev.kimptonbembudapest.com\/wp-content\/uploads\/2024\/07\/122.jpg\" alt='' title=''  height=\"531\" width=\"683\"  itemprop=\"thumbnailUrl\" srcset=\"https:\/\/dev.kimptonbembudapest.com\/wp-content\/uploads\/2024\/07\/122.jpg 683w, https:\/\/dev.kimptonbembudapest.com\/wp-content\/uploads\/2024\/07\/122-300x233.jpg 300w\" sizes=\"(max-width: 683px) 100vw, 683px\" \/><\/div><\/div><\/div><\/div><\/div><!--close column table wrapper. Autoclose: 1 --><\/p>\n","protected":false},"excerpt":{"rendered":"","protected":false},"author":1,"featured_media":0,"parent":0,"menu_order":0,"comment_status":"closed","ping_status":"closed","template":"","meta":{"inline_featured_image":false,"footnotes":""},"class_list":["post-4355","page","type-page","status-publish","hentry"],"yoast_head":"<!-- This site is optimized with the Yoast SEO plugin v26.6 - https:\/\/yoast.com\/wordpress\/plugins\/seo\/ -->\n<title>Kimpton BEM | Hotel de Budapest apto para mascotas<\/title>\n<meta name=\"description\" content=\"\u202fAl\u00f3jese en el coraz\u00f3n de Budapest con su amigo peludo. Habitaciones que admiten mascotas y camas acogedoras para sus amigos peludos. Hotel que admite perros en Budapest\" \/>\n<meta name=\"robots\" content=\"index, follow, max-snippet:-1, max-image-preview:large, max-video-preview:-1\" \/>\n<link rel=\"canonical\" href=\"https:\/\/dev.kimptonbembudapest.com\/es\/los-huespedes-de-cuatro-patas-son-bienvenidos\/\" \/>\n<meta property=\"og:locale\" content=\"es_ES\" \/>\n<meta property=\"og:type\" content=\"article\" \/>\n<meta property=\"og:title\" content=\"Kimpton BEM | Hotel de Budapest apto para mascotas\" \/>\n<meta property=\"og:description\" content=\"\u202fAl\u00f3jese en el coraz\u00f3n de Budapest con su amigo peludo. Habitaciones que admiten mascotas y camas acogedoras para sus amigos peludos. Hotel que admite perros en Budapest\" \/>\n<meta property=\"og:url\" content=\"https:\/\/dev.kimptonbembudapest.com\/es\/los-huespedes-de-cuatro-patas-son-bienvenidos\/\" \/>\n<meta property=\"og:site_name\" content=\"Kimpton BEM Budapest\" \/>\n<meta property=\"article:modified_time\" content=\"2024-08-30T18:19:16+00:00\" \/>\n<meta property=\"og:image\" content=\"https:\/\/kimptonbembudapest.com\/wp-content\/uploads\/2024\/07\/OG-1030x541.jpg\" \/>\n<meta name=\"twitter:card\" content=\"summary_large_image\" \/>\n<meta name=\"twitter:label1\" content=\"Tiempo de lectura\" \/>\n\t<meta name=\"twitter:data1\" content=\"16 minutos\" \/>\n<!-- \/ Yoast SEO plugin. -->","yoast_head_json":{"title":"Kimpton BEM | Hotel de Budapest apto para mascotas","description":"\u202fAl\u00f3jese en el coraz\u00f3n de Budapest con su amigo peludo. Habitaciones que admiten mascotas y camas acogedoras para sus amigos peludos. Hotel que admite perros en Budapest","robots":{"index":"index","follow":"follow","max-snippet":"max-snippet:-1","max-image-preview":"max-image-preview:large","max-video-preview":"max-video-preview:-1"},"canonical":"https:\/\/dev.kimptonbembudapest.com\/es\/los-huespedes-de-cuatro-patas-son-bienvenidos\/","og_locale":"es_ES","og_type":"article","og_title":"Kimpton BEM | Hotel de Budapest apto para mascotas","og_description":"\u202fAl\u00f3jese en el coraz\u00f3n de Budapest con su amigo peludo. Habitaciones que admiten mascotas y camas acogedoras para sus amigos peludos. Hotel que admite perros en Budapest","og_url":"https:\/\/dev.kimptonbembudapest.com\/es\/los-huespedes-de-cuatro-patas-son-bienvenidos\/","og_site_name":"Kimpton BEM Budapest","article_modified_time":"2024-08-30T18:19:16+00:00","og_image":[{"url":"https:\/\/kimptonbembudapest.com\/wp-content\/uploads\/2024\/07\/OG-1030x541.jpg","type":"","width":"","height":""}],"twitter_card":"summary_large_image","twitter_misc":{"Tiempo de lectura":"16 minutos"},"schema":{"@context":"https:\/\/schema.org","@graph":[{"@type":"WebPage","@id":"https:\/\/dev.kimptonbembudapest.com\/es\/los-huespedes-de-cuatro-patas-son-bienvenidos\/","url":"https:\/\/dev.kimptonbembudapest.com\/es\/los-huespedes-de-cuatro-patas-son-bienvenidos\/","name":"Kimpton BEM | Hotel de Budapest apto para mascotas","isPartOf":{"@id":"https:\/\/dev.kimptonbembudapest.com\/es\/#website"},"datePublished":"2024-05-29T07:09:56+00:00","dateModified":"2024-08-30T18:19:16+00:00","description":"\u202fAl\u00f3jese en el coraz\u00f3n de Budapest con su amigo peludo. Habitaciones que admiten mascotas y camas acogedoras para sus amigos peludos. Hotel que admite perros en Budapest","breadcrumb":{"@id":"https:\/\/dev.kimptonbembudapest.com\/es\/los-huespedes-de-cuatro-patas-son-bienvenidos\/#breadcrumb"},"inLanguage":"es","potentialAction":[{"@type":"ReadAction","target":["https:\/\/dev.kimptonbembudapest.com\/es\/los-huespedes-de-cuatro-patas-son-bienvenidos\/"]}]},{"@type":"BreadcrumbList","@id":"https:\/\/dev.kimptonbembudapest.com\/es\/los-huespedes-de-cuatro-patas-son-bienvenidos\/#breadcrumb","itemListElement":[{"@type":"ListItem","position":1,"name":"Kezd\u0151lap","item":"https:\/\/dev.kimptonbembudapest.com\/es\/"},{"@type":"ListItem","position":2,"name":"\u00a1Los hu\u00e9spedes de cuatro patas son bienvenidos!"}]},{"@type":"WebSite","@id":"https:\/\/dev.kimptonbembudapest.com\/es\/#website","url":"https:\/\/dev.kimptonbembudapest.com\/es\/","name":"Kimpton BEM Budapest","description":"Budapest Luxury Hotel","potentialAction":[{"@type":"SearchAction","target":{"@type":"EntryPoint","urlTemplate":"https:\/\/dev.kimptonbembudapest.com\/es\/?s={search_term_string}"},"query-input":{"@type":"PropertyValueSpecification","valueRequired":true,"valueName":"search_term_string"}}],"inLanguage":"es"}]}},"_links":{"self":[{"href":"https:\/\/dev.kimptonbembudapest.com\/es\/wp-json\/wp\/v2\/pages\/4355","targetHints":{"allow":["GET"]}}],"collection":[{"href":"https:\/\/dev.kimptonbembudapest.com\/es\/wp-json\/wp\/v2\/pages"}],"about":[{"href":"https:\/\/dev.kimptonbembudapest.com\/es\/wp-json\/wp\/v2\/types\/page"}],"author":[{"embeddable":true,"href":"https:\/\/dev.kimptonbembudapest.com\/es\/wp-json\/wp\/v2\/users\/1"}],"replies":[{"embeddable":true,"href":"https:\/\/dev.kimptonbembudapest.com\/es\/wp-json\/wp\/v2\/comments?post=4355"}],"version-history":[{"count":3,"href":"https:\/\/dev.kimptonbembudapest.com\/es\/wp-json\/wp\/v2\/pages\/4355\/revisions"}],"predecessor-version":[{"id":4515,"href":"https:\/\/dev.kimptonbembudapest.com\/es\/wp-json\/wp\/v2\/pages\/4355\/revisions\/4515"}],"wp:attachment":[{"href":"https:\/\/dev.kimptonbembudapest.com\/es\/wp-json\/wp\/v2\/media?parent=4355"}],"curies":[{"name":"wp","href":"https:\/\/api.w.org\/{rel}","templated":true}]}}