{"id":4364,"date":"2024-07-02T10:29:00","date_gmt":"2024-07-02T08:29:00","guid":{"rendered":"https:\/\/kimptonbembudapest.com\/contacto-y-reserva\/"},"modified":"2024-09-02T11:52:24","modified_gmt":"2024-09-02T09:52:24","slug":"contacto-y-reserva","status":"publish","type":"page","link":"https:\/\/dev.kimptonbembudapest.com\/es\/contacto-y-reserva\/","title":{"rendered":"Contacto y Reserva"},"content":{"rendered":"<div id='av_section_1'  class='avia-section av-13b2dv-ed803655442daae92cc52e783c7b7a9d main_color avia-section-default avia-no-border-styling  avia-builder-el-0  avia-builder-el-no-sibling  avia-bg-style-scroll container_wrap fullsize'  ><div class='container av-section-cont-open' ><main  role=\"main\" itemprop=\"mainContentOfPage\"  class='template-page content  av-content-full alpha units'><div class='post-entry post-entry-type-page post-entry-4364'><div class='entry-content-wrapper clearfix'>\n<div class='flex_column_table av-ihnzn-9612c271a27360002f90f889ff0bfc32 sc-av_one_half av-equal-height-column-flextable'><div  class='flex_column av-ihnzn-9612c271a27360002f90f889ff0bfc32 av_one_half  avia-builder-el-1  el_before_av_one_half  avia-builder-el-first  first flex_column_table_cell av-equal-height-column av-align-middle  '     ><section  class='av_textblock_section av-ly725410-d9836f538b0bcfbe4748a6ef4ff2f4a7 '   itemscope=\"itemscope\" itemtype=\"https:\/\/schema.org\/CreativeWork\" ><div class='avia_textblock'  itemprop=\"text\" ><h1>Cont\u00e1ctenos<\/h1>\n<p>Los eventos importantes requieren un lugar especial. Si a\u00fan no ha encontrado el sitio perfecto, no se preocupe, tenemos todo lo que necesita. Deje que nuestros expertos se encarguen de la organizaci\u00f3n del evento, garantizando una experiencia inolvidable para usted y sus invitados. Durante una reuni\u00f3n personalizada, un miembro de nuestro equipo le guiar\u00e1 a trav\u00e9s del proceso y de todos los detalles esenciales. Para realizar una consulta, cont\u00e1ctenos en <a href=\"mailto:kimptonbem.sales@ihg.com\">kimptonbem.sales@ihg.com<\/a> o por tel\u00e9fono al <a href=\"tel:+3618839880\">+36 1 883 9895<\/a>. \u00a1Estamos encantados de ayudarle a organizar el evento de sus sue\u00f1os!<\/p>\n<\/div><\/section><\/div><div class='av-flex-placeholder'><\/div><div  class='flex_column av-hscq3-6b093604889613498d4c482750e53eae av_one_half  avia-builder-el-3  el_after_av_one_half  el_before_av_one_full  flex_column_table_cell av-equal-height-column av-align-middle  '     ><style type=\"text\/css\" data-created_by=\"avia_inline_auto\" id=\"style-css-av-6k2pn-dff4acaedd41798eb9ff88dadb45f935\">\n.avia-image-container.av-6k2pn-dff4acaedd41798eb9ff88dadb45f935 img.avia_image{\nbox-shadow:none;\n}\n.avia-image-container.av-6k2pn-dff4acaedd41798eb9ff88dadb45f935 .av-image-caption-overlay-center{\ncolor:#ffffff;\n}\n<\/style>\n<div  class='avia-image-container av-6k2pn-dff4acaedd41798eb9ff88dadb45f935 av-styling- avia-align-center  avia-builder-el-4  avia-builder-el-no-sibling '   itemprop=\"image\" itemscope=\"itemscope\" itemtype=\"https:\/\/schema.org\/ImageObject\" ><div class=\"avia-image-container-inner\"><div class=\"avia-image-overlay-wrap\"><img decoding=\"async\" fetchpriority=\"high\" class='wp-image-2674 avia-img-lazy-loading-not-2674 avia_image ' src=\"https:\/\/dev.kimptonbembudapest.com\/wp-content\/uploads\/2024\/07\/240611_KIMPTON_BEM__2534.jpg\" alt='' title='240611_KIMPTON_BEM__2534'  height=\"1707\" width=\"2560\"  itemprop=\"thumbnailUrl\" srcset=\"https:\/\/dev.kimptonbembudapest.com\/wp-content\/uploads\/2024\/07\/240611_KIMPTON_BEM__2534.jpg 2560w, https:\/\/dev.kimptonbembudapest.com\/wp-content\/uploads\/2024\/07\/240611_KIMPTON_BEM__2534-300x200.jpg 300w, https:\/\/dev.kimptonbembudapest.com\/wp-content\/uploads\/2024\/07\/240611_KIMPTON_BEM__2534-1030x687.jpg 1030w, https:\/\/dev.kimptonbembudapest.com\/wp-content\/uploads\/2024\/07\/240611_KIMPTON_BEM__2534-768x512.jpg 768w, https:\/\/dev.kimptonbembudapest.com\/wp-content\/uploads\/2024\/07\/240611_KIMPTON_BEM__2534-1536x1024.jpg 1536w, https:\/\/dev.kimptonbembudapest.com\/wp-content\/uploads\/2024\/07\/240611_KIMPTON_BEM__2534-2048x1366.jpg 2048w, https:\/\/dev.kimptonbembudapest.com\/wp-content\/uploads\/2024\/07\/240611_KIMPTON_BEM__2534-1500x1000.jpg 1500w, https:\/\/dev.kimptonbembudapest.com\/wp-content\/uploads\/2024\/07\/240611_KIMPTON_BEM__2534-705x470.jpg 705w\" sizes=\"(max-width: 2560px) 100vw, 2560px\" \/><\/div><\/div><\/div><\/div><\/div><!--close column table wrapper. Autoclose: 1 --><div  class='flex_column av-asdqj-382dac039df7d3936b6e22e19ab954c9 av_one_full  avia-builder-el-5  el_after_av_one_half  avia-builder-el-last  first flex_column_div  column-top-margin'     ><\/div>\n","protected":false},"excerpt":{"rendered":"","protected":false},"author":4,"featured_media":0,"parent":0,"menu_order":0,"comment_status":"closed","ping_status":"closed","template":"","meta":{"inline_featured_image":false,"footnotes":""},"class_list":["post-4364","page","type-page","status-publish","hentry"],"yoast_head":"<!-- This site is optimized with the Yoast SEO plugin v26.6 - https:\/\/yoast.com\/wordpress\/plugins\/seo\/ -->\n<title>Cont\u00e1ctenos - Kimpton BEM Budapest<\/title>\n<meta name=\"description\" content=\"Cont\u00e1ctenos por tel\u00e9fono o correo electr\u00f3nico para obtener m\u00e1s informaci\u00f3n.\" \/>\n<meta name=\"robots\" content=\"index, follow, max-snippet:-1, max-image-preview:large, max-video-preview:-1\" \/>\n<link rel=\"canonical\" href=\"https:\/\/dev.kimptonbembudapest.com\/es\/contacto-y-reserva\/\" \/>\n<meta property=\"og:locale\" content=\"es_ES\" \/>\n<meta property=\"og:type\" content=\"article\" \/>\n<meta property=\"og:title\" content=\"Cont\u00e1ctenos - Kimpton BEM Budapest\" \/>\n<meta property=\"og:description\" content=\"Cont\u00e1ctenos por tel\u00e9fono o correo electr\u00f3nico para obtener m\u00e1s informaci\u00f3n.\" \/>\n<meta property=\"og:url\" content=\"https:\/\/dev.kimptonbembudapest.com\/es\/contacto-y-reserva\/\" \/>\n<meta property=\"og:site_name\" content=\"Kimpton BEM Budapest\" \/>\n<meta property=\"article:modified_time\" content=\"2024-09-02T09:52:24+00:00\" \/>\n<meta property=\"og:image\" content=\"https:\/\/kimptonbembudapest.com\/wp-content\/uploads\/2024\/07\/OG-1030x541.jpg\" \/>\n<meta name=\"twitter:card\" content=\"summary_large_image\" \/>\n<meta name=\"twitter:label1\" content=\"Tiempo de lectura\" \/>\n\t<meta name=\"twitter:data1\" content=\"1 minuto\" \/>\n<!-- \/ Yoast SEO plugin. -->","yoast_head_json":{"title":"Cont\u00e1ctenos - Kimpton BEM Budapest","description":"Cont\u00e1ctenos por tel\u00e9fono o correo electr\u00f3nico para obtener m\u00e1s informaci\u00f3n.","robots":{"index":"index","follow":"follow","max-snippet":"max-snippet:-1","max-image-preview":"max-image-preview:large","max-video-preview":"max-video-preview:-1"},"canonical":"https:\/\/dev.kimptonbembudapest.com\/es\/contacto-y-reserva\/","og_locale":"es_ES","og_type":"article","og_title":"Cont\u00e1ctenos - Kimpton BEM Budapest","og_description":"Cont\u00e1ctenos por tel\u00e9fono o correo electr\u00f3nico para obtener m\u00e1s informaci\u00f3n.","og_url":"https:\/\/dev.kimptonbembudapest.com\/es\/contacto-y-reserva\/","og_site_name":"Kimpton BEM Budapest","article_modified_time":"2024-09-02T09:52:24+00:00","og_image":[{"url":"https:\/\/kimptonbembudapest.com\/wp-content\/uploads\/2024\/07\/OG-1030x541.jpg","type":"","width":"","height":""}],"twitter_card":"summary_large_image","twitter_misc":{"Tiempo de lectura":"1 minuto"},"schema":{"@context":"https:\/\/schema.org","@graph":[{"@type":"WebPage","@id":"https:\/\/dev.kimptonbembudapest.com\/es\/contacto-y-reserva\/","url":"https:\/\/dev.kimptonbembudapest.com\/es\/contacto-y-reserva\/","name":"Cont\u00e1ctenos - Kimpton BEM Budapest","isPartOf":{"@id":"https:\/\/dev.kimptonbembudapest.com\/es\/#website"},"datePublished":"2024-07-02T08:29:00+00:00","dateModified":"2024-09-02T09:52:24+00:00","description":"Cont\u00e1ctenos por tel\u00e9fono o correo electr\u00f3nico para obtener m\u00e1s informaci\u00f3n.","breadcrumb":{"@id":"https:\/\/dev.kimptonbembudapest.com\/es\/contacto-y-reserva\/#breadcrumb"},"inLanguage":"es","potentialAction":[{"@type":"ReadAction","target":["https:\/\/dev.kimptonbembudapest.com\/es\/contacto-y-reserva\/"]}]},{"@type":"BreadcrumbList","@id":"https:\/\/dev.kimptonbembudapest.com\/es\/contacto-y-reserva\/#breadcrumb","itemListElement":[{"@type":"ListItem","position":1,"name":"Kezd\u0151lap","item":"https:\/\/dev.kimptonbembudapest.com\/es\/"},{"@type":"ListItem","position":2,"name":"Contacto y Reserva"}]},{"@type":"WebSite","@id":"https:\/\/dev.kimptonbembudapest.com\/es\/#website","url":"https:\/\/dev.kimptonbembudapest.com\/es\/","name":"Kimpton BEM Budapest","description":"Budapest Luxury Hotel","potentialAction":[{"@type":"SearchAction","target":{"@type":"EntryPoint","urlTemplate":"https:\/\/dev.kimptonbembudapest.com\/es\/?s={search_term_string}"},"query-input":{"@type":"PropertyValueSpecification","valueRequired":true,"valueName":"search_term_string"}}],"inLanguage":"es"}]}},"_links":{"self":[{"href":"https:\/\/dev.kimptonbembudapest.com\/es\/wp-json\/wp\/v2\/pages\/4364","targetHints":{"allow":["GET"]}}],"collection":[{"href":"https:\/\/dev.kimptonbembudapest.com\/es\/wp-json\/wp\/v2\/pages"}],"about":[{"href":"https:\/\/dev.kimptonbembudapest.com\/es\/wp-json\/wp\/v2\/types\/page"}],"author":[{"embeddable":true,"href":"https:\/\/dev.kimptonbembudapest.com\/es\/wp-json\/wp\/v2\/users\/4"}],"replies":[{"embeddable":true,"href":"https:\/\/dev.kimptonbembudapest.com\/es\/wp-json\/wp\/v2\/comments?post=4364"}],"version-history":[{"count":4,"href":"https:\/\/dev.kimptonbembudapest.com\/es\/wp-json\/wp\/v2\/pages\/4364\/revisions"}],"predecessor-version":[{"id":4522,"href":"https:\/\/dev.kimptonbembudapest.com\/es\/wp-json\/wp\/v2\/pages\/4364\/revisions\/4522"}],"wp:attachment":[{"href":"https:\/\/dev.kimptonbembudapest.com\/es\/wp-json\/wp\/v2\/media?parent=4364"}],"curies":[{"name":"wp","href":"https:\/\/api.w.org\/{rel}","templated":true}]}}