{"id":4373,"date":"2024-07-02T10:28:28","date_gmt":"2024-07-02T08:28:28","guid":{"rendered":"https:\/\/kimptonbembudapest.com\/centro-de-budapest\/"},"modified":"2024-12-06T15:19:06","modified_gmt":"2024-12-06T14:19:06","slug":"centro-de-budapest","status":"publish","type":"page","link":"https:\/\/dev.kimptonbembudapest.com\/es\/centro-de-budapest\/","title":{"rendered":"Centro de Budapest"},"content":{"rendered":"<div id='av_section_1'  class='avia-section av-1rg5fg-55780ded4ccc37bc4ca5afd99f3a25bd main_color avia-section-default avia-no-border-styling  avia-builder-el-0  avia-builder-el-no-sibling  avia-bg-style-scroll container_wrap fullsize'  ><div class='container av-section-cont-open' ><main  role=\"main\" itemprop=\"mainContentOfPage\"  class='template-page content  av-content-full alpha units'><div class='post-entry post-entry-type-page post-entry-4373'><div class='entry-content-wrapper clearfix'>\n<div  class='flex_column av-9gh7g-1f42bfd9122e337268f6e607cddf4c23 av_one_full  avia-builder-el-1  el_before_av_one_full  avia-builder-el-first  first flex_column_div  '     ><style type=\"text\/css\" data-created_by=\"avia_inline_auto\" id=\"style-css-av-lyft8zoa-286a16f11553fcc27b4d337b400a98ed\">\n#top .av-special-heading.av-lyft8zoa-286a16f11553fcc27b4d337b400a98ed{\npadding-bottom:10px;\n}\nbody .av-special-heading.av-lyft8zoa-286a16f11553fcc27b4d337b400a98ed .av-special-heading-tag .heading-char{\nfont-size:25px;\n}\n.av-special-heading.av-lyft8zoa-286a16f11553fcc27b4d337b400a98ed .av-subheading{\nfont-size:15px;\n}\n<\/style>\n<div  class='av-special-heading av-lyft8zoa-286a16f11553fcc27b4d337b400a98ed av-special-heading-h1  avia-builder-el-2  avia-builder-el-no-sibling '><h1 class='av-special-heading-tag'  itemprop=\"headline\"  >Centro de Budapest<\/h1><div class=\"special-heading-border\"><div class=\"special-heading-inner-border\"><\/div><\/div><\/div><\/div><div  class='flex_column av-1ie9y4-533e525fce67e87c3df02845bcc8a41d av_one_full  avia-builder-el-3  el_after_av_one_full  el_before_av_one_full  first flex_column_div  column-top-margin'     ><section  class='av_textblock_section av-lyft971l-49368578819ffe18ee9e5ad997e1b19b '   itemscope=\"itemscope\" itemtype=\"https:\/\/schema.org\/CreativeWork\" ><div class='avia_textblock'  itemprop=\"text\" ><h2>Isla Margarita<\/h2>\n<p>A pocos pasos del Kimpton BEM Budapest se encuentra la encantadora Isla Margarita, situada en el r\u00edo Danubio entre el Puente Margarita y el Puente \u00c1rp\u00e1d. Esta extensa isla es un refugio para quienes buscan tranquilidad en la naturaleza y disfrutar del canto de las aves locales lejos del bullicio urbano. Entre su oferta destacan un impresionante jard\u00edn bot\u00e1nico y una majestuosa fuente musical con espect\u00e1culos de luces ocasionales acompa\u00f1ados de m\u00fasica local e internacional. Mientras pasea tranquilamente entre sus altos \u00e1rboles, podr\u00e1 encontrar varios lugares para disfrutar de un caf\u00e9 por la tarde o una cerveza por la noche. Si prefiere la actividad f\u00edsica, la isla ofrece instalaciones deportivas como una piscina, una pista de atletismo y una cancha de tenis. Tanto si desea hacer ejercicio como simplemente relajarse con un p\u00edcnic en el c\u00e9sped con su familia, la Isla Margarita es su destino ideal en Budapest.<\/p>\n<\/div><\/section><\/div><div  class='flex_column av-2m2u4-ab021ac5129f261645381fd65cd6105d av_one_full  avia-builder-el-5  el_after_av_one_full  el_before_av_one_full  first flex_column_div  column-top-margin'     ><section  class='av_textblock_section av-lyft9g9b-12ba35bda8bdce68d1583b68c0e0149c '   itemscope=\"itemscope\" itemtype=\"https:\/\/schema.org\/CreativeWork\" ><div class='avia_textblock'  itemprop=\"text\" ><h2>Parlamento de Hungr\u00eda<\/h2>\n<p>Con sus luces brillantes y su impresionante arquitectura de estilo neog\u00f3tico, el Parlamento de Hungr\u00eda no pasa desapercibido al visitar Budapest. No es exagerado afirmar que es uno de los monumentos m\u00e1s emblem\u00e1ticos del pa\u00eds, admirado tanto por los turistas como por la gente de aqu\u00ed. Inaugurado en 1902, no solo es un popular destino tur\u00edstico, sino que tambi\u00e9n desempe\u00f1a importantes funciones como sede de las actividades legislativas del pa\u00eds. Sin embargo, no es solo el exterior lo que hace atractivo a este edificio. Su interior est\u00e1 elegantemente decorado con frescos, esculturas y vidrieras, y en su sala central se exhibe la Santa Corona de Hungr\u00eda. Los visitantes pueden explorar el edificio mediante un recorrido guiado de 45 minutos, que incluye una audiogu\u00eda disponible en varios idiomas. Debido a su popularidad, se recomienda reservar con antelaci\u00f3n para asegurarse la entrada. Si prefiere admirar el edificio desde la distancia, su impresionante fachada iluminada se aprecia mejor por la noche desde el mirador del Basti\u00f3n de los Pescadores o durante un breve crucero por el r\u00edo Danubio.<br \/>\n\u00bfSab\u00eda que&#8230;? La altura del edificio tiene un significado especial, ya que sus c\u00fapulas alcanzan exactamente los 96 metros, en referencia al a\u00f1o 896, cuando los magiares se asentaron en la cuenca de los C\u00e1rpatos.<\/p>\n<\/div><\/section><\/div><div  class='flex_column av-lryhg-a12912dad481f524a7311ba7587bc437 av_one_full  avia-builder-el-7  el_after_av_one_full  avia-builder-el-last  first flex_column_div  column-top-margin'     ><section  class='av_textblock_section av-lyft9ovb-a7409b9ae4a7de4092e5e37cfccf0b77 '   itemscope=\"itemscope\" itemtype=\"https:\/\/schema.org\/CreativeWork\" ><div class='avia_textblock'  itemprop=\"text\" ><h2>Catedral bas\u00edlica de San Esteban<\/h2>\n<p>La Bas\u00edlica de San Esteban es una de las iglesias m\u00e1s destacadas de Hungr\u00eda, siendo tanto una atracci\u00f3n tur\u00edstica popular como un escenario para conciertos de m\u00fasica cl\u00e1sica, coral y contempor\u00e1nea. Dedicada a San Esteban, el primer rey de Hungr\u00eda que desempe\u00f1\u00f3 un papel crucial a la hora de establecer el cristianismo en el pa\u00eds, esta maravilla arquitect\u00f3nica simboliza el patrimonio religioso y cultural de Hungr\u00eda. Dise\u00f1ada inicialmente en estilo neocl\u00e1sico por J\u00f3zsef Hild, las obras se completaron finalmente en estilo neorrenacentista por Mikl\u00f3s Ybl, arquitecto tambi\u00e9n de la \u00d3pera Estatal H\u00fangara. Con su c\u00fapula de 96 metros de altura, es uno de los edificios m\u00e1s altos de Budapest junto con el parlamento h\u00fangaro, y la tercera iglesia m\u00e1s alta de Hungr\u00eda. Su interior est\u00e1 magn\u00edficamente decorado con m\u00e1rmol, mosaicos y vidrieras, que dejan maravillados a sus visitantes. El altar principal presenta una estatua de San Esteban, cuya mano momificada, la Santa Mano Derecha, tambi\u00e9n se encuentra en el relicario de la iglesia. Aunque la entrada al edificio es gratuita, el acceso a la c\u00fapula, que ofrece vistas panor\u00e1micas de la ciudad, requiere el pago de una m\u00f3dica entrada. Se puede acceder a la c\u00fapula en ascensor o subiendo sus 364 escalones.<\/p>\n<\/div><\/section><\/div>\n","protected":false},"excerpt":{"rendered":"","protected":false},"author":4,"featured_media":0,"parent":0,"menu_order":0,"comment_status":"closed","ping_status":"closed","template":"","meta":{"inline_featured_image":false,"footnotes":""},"class_list":["post-4373","page","type-page","status-publish","hentry"],"yoast_head":"<!-- This site is optimized with the Yoast SEO plugin v26.6 - https:\/\/yoast.com\/wordpress\/plugins\/seo\/ -->\n<title>Centro de Budapest - Kimpton BEM Budapest - Atracciones tur\u00edsticas<\/title>\n<meta name=\"description\" content=\"Explore el centro de Budapest con las mejores atracciones tur\u00edsticas: La Isla Margarita en el r\u00edo Danubio, la bella arquitectura del Parlamento y la Bas\u00edlica de San Esteban, cerca de Kimpton BEM Budapest\" \/>\n<meta name=\"robots\" content=\"index, follow, max-snippet:-1, max-image-preview:large, max-video-preview:-1\" \/>\n<link rel=\"canonical\" href=\"https:\/\/dev.kimptonbembudapest.com\/es\/centro-de-budapest\/\" \/>\n<meta property=\"og:locale\" content=\"es_ES\" \/>\n<meta property=\"og:type\" content=\"article\" \/>\n<meta property=\"og:title\" content=\"Centro de Budapest - Kimpton BEM Budapest - Atracciones tur\u00edsticas\" \/>\n<meta property=\"og:description\" content=\"Explore el centro de Budapest con las mejores atracciones tur\u00edsticas: La Isla Margarita en el r\u00edo Danubio, la bella arquitectura del Parlamento y la Bas\u00edlica de San Esteban, cerca de Kimpton BEM Budapest\" \/>\n<meta property=\"og:url\" content=\"https:\/\/dev.kimptonbembudapest.com\/es\/centro-de-budapest\/\" \/>\n<meta property=\"og:site_name\" content=\"Kimpton BEM Budapest\" \/>\n<meta property=\"article:modified_time\" content=\"2024-12-06T14:19:06+00:00\" \/>\n<meta property=\"og:image\" content=\"https:\/\/kimptonbembudapest.com\/wp-content\/uploads\/2024\/07\/OG-1030x541.jpg\" \/>\n<meta name=\"twitter:card\" content=\"summary_large_image\" \/>\n<meta name=\"twitter:label1\" content=\"Tiempo de lectura\" \/>\n\t<meta name=\"twitter:data1\" content=\"16 minutos\" \/>\n<!-- \/ Yoast SEO plugin. -->","yoast_head_json":{"title":"Centro de Budapest - Kimpton BEM Budapest - Atracciones tur\u00edsticas","description":"Explore el centro de Budapest con las mejores atracciones tur\u00edsticas: La Isla Margarita en el r\u00edo Danubio, la bella arquitectura del Parlamento y la Bas\u00edlica de San Esteban, cerca de Kimpton BEM Budapest","robots":{"index":"index","follow":"follow","max-snippet":"max-snippet:-1","max-image-preview":"max-image-preview:large","max-video-preview":"max-video-preview:-1"},"canonical":"https:\/\/dev.kimptonbembudapest.com\/es\/centro-de-budapest\/","og_locale":"es_ES","og_type":"article","og_title":"Centro de Budapest - Kimpton BEM Budapest - Atracciones tur\u00edsticas","og_description":"Explore el centro de Budapest con las mejores atracciones tur\u00edsticas: La Isla Margarita en el r\u00edo Danubio, la bella arquitectura del Parlamento y la Bas\u00edlica de San Esteban, cerca de Kimpton BEM Budapest","og_url":"https:\/\/dev.kimptonbembudapest.com\/es\/centro-de-budapest\/","og_site_name":"Kimpton BEM Budapest","article_modified_time":"2024-12-06T14:19:06+00:00","og_image":[{"url":"https:\/\/kimptonbembudapest.com\/wp-content\/uploads\/2024\/07\/OG-1030x541.jpg","type":"","width":"","height":""}],"twitter_card":"summary_large_image","twitter_misc":{"Tiempo de lectura":"16 minutos"},"schema":{"@context":"https:\/\/schema.org","@graph":[{"@type":"WebPage","@id":"https:\/\/dev.kimptonbembudapest.com\/es\/centro-de-budapest\/","url":"https:\/\/dev.kimptonbembudapest.com\/es\/centro-de-budapest\/","name":"Centro de Budapest - Kimpton BEM Budapest - Atracciones tur\u00edsticas","isPartOf":{"@id":"https:\/\/dev.kimptonbembudapest.com\/es\/#website"},"datePublished":"2024-07-02T08:28:28+00:00","dateModified":"2024-12-06T14:19:06+00:00","description":"Explore el centro de Budapest con las mejores atracciones tur\u00edsticas: La Isla Margarita en el r\u00edo Danubio, la bella arquitectura del Parlamento y la Bas\u00edlica de San Esteban, cerca de Kimpton BEM Budapest","breadcrumb":{"@id":"https:\/\/dev.kimptonbembudapest.com\/es\/centro-de-budapest\/#breadcrumb"},"inLanguage":"es","potentialAction":[{"@type":"ReadAction","target":["https:\/\/dev.kimptonbembudapest.com\/es\/centro-de-budapest\/"]}]},{"@type":"BreadcrumbList","@id":"https:\/\/dev.kimptonbembudapest.com\/es\/centro-de-budapest\/#breadcrumb","itemListElement":[{"@type":"ListItem","position":1,"name":"Kezd\u0151lap","item":"https:\/\/dev.kimptonbembudapest.com\/es\/"},{"@type":"ListItem","position":2,"name":"Centro de Budapest"}]},{"@type":"WebSite","@id":"https:\/\/dev.kimptonbembudapest.com\/es\/#website","url":"https:\/\/dev.kimptonbembudapest.com\/es\/","name":"Kimpton BEM Budapest","description":"Budapest Luxury Hotel","potentialAction":[{"@type":"SearchAction","target":{"@type":"EntryPoint","urlTemplate":"https:\/\/dev.kimptonbembudapest.com\/es\/?s={search_term_string}"},"query-input":{"@type":"PropertyValueSpecification","valueRequired":true,"valueName":"search_term_string"}}],"inLanguage":"es"}]}},"_links":{"self":[{"href":"https:\/\/dev.kimptonbembudapest.com\/es\/wp-json\/wp\/v2\/pages\/4373","targetHints":{"allow":["GET"]}}],"collection":[{"href":"https:\/\/dev.kimptonbembudapest.com\/es\/wp-json\/wp\/v2\/pages"}],"about":[{"href":"https:\/\/dev.kimptonbembudapest.com\/es\/wp-json\/wp\/v2\/types\/page"}],"author":[{"embeddable":true,"href":"https:\/\/dev.kimptonbembudapest.com\/es\/wp-json\/wp\/v2\/users\/4"}],"replies":[{"embeddable":true,"href":"https:\/\/dev.kimptonbembudapest.com\/es\/wp-json\/wp\/v2\/comments?post=4373"}],"version-history":[{"count":11,"href":"https:\/\/dev.kimptonbembudapest.com\/es\/wp-json\/wp\/v2\/pages\/4373\/revisions"}],"predecessor-version":[{"id":7782,"href":"https:\/\/dev.kimptonbembudapest.com\/es\/wp-json\/wp\/v2\/pages\/4373\/revisions\/7782"}],"wp:attachment":[{"href":"https:\/\/dev.kimptonbembudapest.com\/es\/wp-json\/wp\/v2\/media?parent=4373"}],"curies":[{"name":"wp","href":"https:\/\/api.w.org\/{rel}","templated":true}]}}