{"id":4382,"date":"2024-07-02T10:28:54","date_gmt":"2024-07-02T08:28:54","guid":{"rendered":"https:\/\/kimptonbembudapest.com\/banos-turcos\/"},"modified":"2024-12-19T08:12:43","modified_gmt":"2024-12-19T07:12:43","slug":"banos-turcos","status":"publish","type":"page","link":"https:\/\/dev.kimptonbembudapest.com\/es\/banos-turcos\/","title":{"rendered":"Ba\u00f1os Turcos"},"content":{"rendered":"<div id='av_section_1'  class='avia-section av-1kimed-dbe1975678596b840dae3382639b58f1 main_color avia-section-default avia-no-border-styling  avia-builder-el-0  avia-builder-el-no-sibling  avia-bg-style-scroll container_wrap fullsize'  ><div class='container av-section-cont-open' ><main  role=\"main\" itemprop=\"mainContentOfPage\"  class='template-page content  av-content-full alpha units'><div class='post-entry post-entry-type-page post-entry-4382'><div class='entry-content-wrapper clearfix'>\n<div  class='flex_column av-6lds5-369c0a44afe22023c3f7a582658a04c7 av_one_full  avia-builder-el-1  el_before_av_one_full  avia-builder-el-first  first flex_column_div  '     ><style type=\"text\/css\" data-created_by=\"avia_inline_auto\" id=\"style-css-av-lyftdf0q-fef4f37816a5e053217046a3aadb3aed\">\n#top .av-special-heading.av-lyftdf0q-fef4f37816a5e053217046a3aadb3aed{\npadding-bottom:10px;\n}\nbody .av-special-heading.av-lyftdf0q-fef4f37816a5e053217046a3aadb3aed .av-special-heading-tag .heading-char{\nfont-size:25px;\n}\n.av-special-heading.av-lyftdf0q-fef4f37816a5e053217046a3aadb3aed .av-subheading{\nfont-size:15px;\n}\n<\/style>\n<div  class='av-special-heading av-lyftdf0q-fef4f37816a5e053217046a3aadb3aed av-special-heading-h1  avia-builder-el-2  avia-builder-el-no-sibling '><h1 class='av-special-heading-tag'  itemprop=\"headline\"  >Ba\u00f1os Turcos en Budapest<\/h1><div class=\"special-heading-border\"><div class=\"special-heading-inner-border\"><\/div><\/div><\/div><\/div><div  class='flex_column av-1cjr8l-4efbdb97ef1ebddba70adc839fa75427 av_one_full  avia-builder-el-3  el_after_av_one_full  el_before_av_one_full  first flex_column_div  column-top-margin'     ><section  class='av_textblock_section av-lyfte45k-bb264dad4a7bfc02f4bfe38af1db37ad '   itemscope=\"itemscope\" itemtype=\"https:\/\/schema.org\/CreativeWork\" ><div class='avia_textblock'  itemprop=\"text\" ><p>Hungr\u00eda es conocida por su abundancia de fuentes termales, por lo que es evidente que una visita a la ciudad no estar\u00eda completa sin darse un chapuz\u00f3n en uno de los ba\u00f1os m\u00e1s emblem\u00e1ticos, un lugar donde la relajaci\u00f3n, la sanaci\u00f3n y la historia se entrelazan. Los ba\u00f1os turcos, tambi\u00e9n conocidos como hammams, son ejemplos vivos del rico legado cultural de Hungr\u00eda: fueron construidos en los siglos XVI y XVII durante la \u00e9poca otomana, y funcionaban como importantes centros sociales frecuentados por los lugare\u00f1os para socializar, intercambiar historias y, sin duda, relajarse mientras renovaban sus esp\u00edritus. Con su impresionante arquitectura, entrar a un ba\u00f1o turco h\u00fangaro es como retroceder en el tiempo. Las aguas ricas en minerales, famosas por sus propiedades curativas, junto con los mosaicos, crean una atm\u00f3sfera de serenidad donde se puede purificar cuerpo y mente, dejando atr\u00e1s las preocupaciones del d\u00eda a d\u00eda. Bajo las majestuosas c\u00fapulas, mientras la luz juega sobre el m\u00e1rmol, vivir\u00e1 una experiencia \u00fanica que combina historia y relajaci\u00f3n de manera tanto calmante como enriquecedora.<\/p>\n<\/div><\/section><\/div><div  class='flex_column av-kob0d-5f088d5f3a6c10b6a63104d5ff648b8e av_one_full  avia-builder-el-5  el_after_av_one_full  el_before_av_one_full  first flex_column_div  column-top-margin'     ><section  class='av_textblock_section av-lyfteo7y-1ed0f1f3789bcae2fc0ff34fd7b56cad '   itemscope=\"itemscope\" itemtype=\"https:\/\/schema.org\/CreativeWork\" ><div class='avia_textblock'  itemprop=\"text\" ><h2>El Ba\u00f1o Veli Bej<\/h2>\n<div>\n<div>El Ba\u00f1o Veli Bej es una joya oculta de Budapest y uno de los ba\u00f1os turcos m\u00e1s antiguos de la ciudad. Construido en 1574\u201375 por Mustafa Pasha, fue ampliado en el siglo XIX por el arquitecto J\u00f3zsef Hild en estilo cl\u00e1sico. Tiene una historia fascinante: Istv\u00e1n Marczib\u00e1nyi lo don\u00f3 al Convento de Buda, destinando sus ingresos a ayudar a pacientes pobres. En los a\u00f1os 2000, el ba\u00f1o fue restaurado con una inversi\u00f3n de 1.000 millones de florines, devolvi\u00e9ndole su esplendor original. De sus cinco piscinas, la piscina turca central es la estrella, con agua termal renovada cuatro veces al d\u00eda. Combina el encanto hist\u00f3rico con la comodidad moderna. Es mixto, requiere traje de ba\u00f1o y la entrada incluye acceso a piscinas, saunas y ba\u00f1os de vapor. \u00a1Un lugar ideal para relajarse y viajar en el tiempo!<\/div>\n<\/div>\n<\/div><\/section><\/div><div  class='flex_column av-hm2n9-b787eb25f519fd4b11c1f1230aee3253 av_one_full  avia-builder-el-7  el_after_av_one_full  avia-builder-el-last  first flex_column_div  column-top-margin'     ><section  class='av_textblock_section av-lyftf3uf-df66ea334b128027358c44582898b3da '   itemscope=\"itemscope\" itemtype=\"https:\/\/schema.org\/CreativeWork\" ><div class='avia_textblock'  itemprop=\"text\" ><h2>Rudas<\/h2>\n<p>Con vistas al r\u00edo Danubio, los ba\u00f1os Rudas se consideran un testimonio de la rica historia de Budapest combinada con un toque de lujo. La oportunidad de sumergirse en las aguas termales de la Sky Terrace, donde la impresionante ciudad se despliega ante sus ojos, la convierte en el lugar perfecto para relajarse despu\u00e9s de un d\u00eda ajetreado visitando las atracciones tur\u00edsticas de Budapest. Tambi\u00e9n se puede disfrutar bajo el cielo nocturno con una vista rom\u00e1ntica hasta las tres de la madrugada. La arquitectura renacentista de los ba\u00f1os Rudas, fundados hace m\u00e1s de 450 a\u00f1os, es fascinante, y representa un santuario atemporal donde puede escapar de la rutina diaria y sentirse renacer. M\u00e1s all\u00e1 de los manantiales minerales, Rudas es famoso por sus ofertas de bienestar, como una variedad de opciones de masajes, incluidos los terap\u00e9uticos y m\u00e9dicos, que cuidan el bienestar f\u00edsico. Para celebrar tanto la tradici\u00f3n como la innovaci\u00f3n, Rudas ofrece d\u00edas mixtos y d\u00edas exclusivos para mujeres, lo que garantiza una experiencia de spa ajustada a sus necesidades y preferencias que respeta su legado e historia.<\/p>\n<\/div><\/section><\/div>\n","protected":false},"excerpt":{"rendered":"","protected":false},"author":4,"featured_media":0,"parent":0,"menu_order":0,"comment_status":"closed","ping_status":"closed","template":"","meta":{"inline_featured_image":false,"footnotes":""},"class_list":["post-4382","page","type-page","status-publish","hentry"],"yoast_head":"<!-- This site is optimized with the Yoast SEO plugin v26.6 - https:\/\/yoast.com\/wordpress\/plugins\/seo\/ -->\n<title>Ba\u00f1os Turcos - Kimpton BEM Budapest - Atracciones tur\u00edsticas<\/title>\n<meta name=\"description\" content=\"Disfrute de los mejores ba\u00f1os turcos de Budapest: rel\u00e1jese en los ba\u00f1os turcos Kiraly o Rudas. Disfrute de la arquitectura hist\u00f3rica y del spa curativo. Las famosas atracciones tur\u00edsticas de Budapest.\" \/>\n<meta name=\"robots\" content=\"index, follow, max-snippet:-1, max-image-preview:large, max-video-preview:-1\" \/>\n<link rel=\"canonical\" href=\"https:\/\/dev.kimptonbembudapest.com\/es\/banos-turcos\/\" \/>\n<meta property=\"og:locale\" content=\"es_ES\" \/>\n<meta property=\"og:type\" content=\"article\" \/>\n<meta property=\"og:title\" content=\"Ba\u00f1os Turcos - Kimpton BEM Budapest - Atracciones tur\u00edsticas\" \/>\n<meta property=\"og:description\" content=\"Disfrute de los mejores ba\u00f1os turcos de Budapest: rel\u00e1jese en los ba\u00f1os turcos Kiraly o Rudas. Disfrute de la arquitectura hist\u00f3rica y del spa curativo. Las famosas atracciones tur\u00edsticas de Budapest.\" \/>\n<meta property=\"og:url\" content=\"https:\/\/dev.kimptonbembudapest.com\/es\/banos-turcos\/\" \/>\n<meta property=\"og:site_name\" content=\"Kimpton BEM Budapest\" \/>\n<meta property=\"article:modified_time\" content=\"2024-12-19T07:12:43+00:00\" \/>\n<meta property=\"og:image\" content=\"https:\/\/kimptonbembudapest.com\/wp-content\/uploads\/2024\/07\/OG-1030x541.jpg\" \/>\n<meta name=\"twitter:card\" content=\"summary_large_image\" \/>\n<meta name=\"twitter:label1\" content=\"Tiempo de lectura\" \/>\n\t<meta name=\"twitter:data1\" content=\"2 minutos\" \/>\n<!-- \/ Yoast SEO plugin. -->","yoast_head_json":{"title":"Ba\u00f1os Turcos - Kimpton BEM Budapest - Atracciones tur\u00edsticas","description":"Disfrute de los mejores ba\u00f1os turcos de Budapest: rel\u00e1jese en los ba\u00f1os turcos Kiraly o Rudas. Disfrute de la arquitectura hist\u00f3rica y del spa curativo. Las famosas atracciones tur\u00edsticas de Budapest.","robots":{"index":"index","follow":"follow","max-snippet":"max-snippet:-1","max-image-preview":"max-image-preview:large","max-video-preview":"max-video-preview:-1"},"canonical":"https:\/\/dev.kimptonbembudapest.com\/es\/banos-turcos\/","og_locale":"es_ES","og_type":"article","og_title":"Ba\u00f1os Turcos - Kimpton BEM Budapest - Atracciones tur\u00edsticas","og_description":"Disfrute de los mejores ba\u00f1os turcos de Budapest: rel\u00e1jese en los ba\u00f1os turcos Kiraly o Rudas. Disfrute de la arquitectura hist\u00f3rica y del spa curativo. Las famosas atracciones tur\u00edsticas de Budapest.","og_url":"https:\/\/dev.kimptonbembudapest.com\/es\/banos-turcos\/","og_site_name":"Kimpton BEM Budapest","article_modified_time":"2024-12-19T07:12:43+00:00","og_image":[{"url":"https:\/\/kimptonbembudapest.com\/wp-content\/uploads\/2024\/07\/OG-1030x541.jpg","type":"","width":"","height":""}],"twitter_card":"summary_large_image","twitter_misc":{"Tiempo de lectura":"2 minutos"},"schema":{"@context":"https:\/\/schema.org","@graph":[{"@type":"WebPage","@id":"https:\/\/dev.kimptonbembudapest.com\/es\/banos-turcos\/","url":"https:\/\/dev.kimptonbembudapest.com\/es\/banos-turcos\/","name":"Ba\u00f1os Turcos - Kimpton BEM Budapest - Atracciones tur\u00edsticas","isPartOf":{"@id":"https:\/\/dev.kimptonbembudapest.com\/es\/#website"},"datePublished":"2024-07-02T08:28:54+00:00","dateModified":"2024-12-19T07:12:43+00:00","description":"Disfrute de los mejores ba\u00f1os turcos de Budapest: rel\u00e1jese en los ba\u00f1os turcos Kiraly o Rudas. Disfrute de la arquitectura hist\u00f3rica y del spa curativo. Las famosas atracciones tur\u00edsticas de Budapest.","breadcrumb":{"@id":"https:\/\/dev.kimptonbembudapest.com\/es\/banos-turcos\/#breadcrumb"},"inLanguage":"es","potentialAction":[{"@type":"ReadAction","target":["https:\/\/dev.kimptonbembudapest.com\/es\/banos-turcos\/"]}]},{"@type":"BreadcrumbList","@id":"https:\/\/dev.kimptonbembudapest.com\/es\/banos-turcos\/#breadcrumb","itemListElement":[{"@type":"ListItem","position":1,"name":"Kezd\u0151lap","item":"https:\/\/dev.kimptonbembudapest.com\/es\/"},{"@type":"ListItem","position":2,"name":"Ba\u00f1os Turcos"}]},{"@type":"WebSite","@id":"https:\/\/dev.kimptonbembudapest.com\/es\/#website","url":"https:\/\/dev.kimptonbembudapest.com\/es\/","name":"Kimpton BEM Budapest","description":"Budapest Luxury Hotel","potentialAction":[{"@type":"SearchAction","target":{"@type":"EntryPoint","urlTemplate":"https:\/\/dev.kimptonbembudapest.com\/es\/?s={search_term_string}"},"query-input":{"@type":"PropertyValueSpecification","valueRequired":true,"valueName":"search_term_string"}}],"inLanguage":"es"}]}},"_links":{"self":[{"href":"https:\/\/dev.kimptonbembudapest.com\/es\/wp-json\/wp\/v2\/pages\/4382","targetHints":{"allow":["GET"]}}],"collection":[{"href":"https:\/\/dev.kimptonbembudapest.com\/es\/wp-json\/wp\/v2\/pages"}],"about":[{"href":"https:\/\/dev.kimptonbembudapest.com\/es\/wp-json\/wp\/v2\/types\/page"}],"author":[{"embeddable":true,"href":"https:\/\/dev.kimptonbembudapest.com\/es\/wp-json\/wp\/v2\/users\/4"}],"replies":[{"embeddable":true,"href":"https:\/\/dev.kimptonbembudapest.com\/es\/wp-json\/wp\/v2\/comments?post=4382"}],"version-history":[{"count":14,"href":"https:\/\/dev.kimptonbembudapest.com\/es\/wp-json\/wp\/v2\/pages\/4382\/revisions"}],"predecessor-version":[{"id":8580,"href":"https:\/\/dev.kimptonbembudapest.com\/es\/wp-json\/wp\/v2\/pages\/4382\/revisions\/8580"}],"wp:attachment":[{"href":"https:\/\/dev.kimptonbembudapest.com\/es\/wp-json\/wp\/v2\/media?parent=4382"}],"curies":[{"name":"wp","href":"https:\/\/api.w.org\/{rel}","templated":true}]}}